{"id":42986,"date":"2023-12-11T17:52:04","date_gmt":"2023-12-11T16:52:04","guid":{"rendered":"https:\/\/njoy-shop.com\/produit\/coques-de-retroviseurs-exterieurs-80a-857-527-z7g\/"},"modified":"2023-12-11T17:52:14","modified_gmt":"2023-12-11T16:52:14","slug":"coques-de-retroviseurs-exterieurs-80a-857-527-z7g","status":"publish","type":"product","link":"https:\/\/njoy-shop.com\/en\/produit\/coques-de-retroviseurs-exterieurs-80a-857-527-z7g\/","title":{"rendered":"Coques de r\u00e9troviseurs ext\u00e9rieurs    | 80A 857 527 (Z7G)"},"content":{"rendered":"<p>Votre v\u00e9hicule m\u00e9rite le meilleur. Avec notre coque pour r\u00e9troviseur, combinez protection et \u00e9l\u00e9gance. Un ajustement optimal pour un rendu esth\u00e9tique in\u00e9gal\u00e9.<\/p>\n","protected":false},"excerpt":{"rendered":"<p>D\u00e9couvrez la solution parfaite pour un r\u00e9troviseur comme neuf : notre coque de qualit\u00e9 sup\u00e9rieure.<\/p>\n","protected":false},"featured_media":32561,"comment_status":"closed","ping_status":"open","template":"","meta":{"_et_pb_use_builder":"","_et_pb_old_content":"","_et_gb_content_width":""},"product_brand":[],"product_cat":[955,1274,989,956],"product_tag":[958,1275,990,959],"class_list":{"0":"post-42986","1":"product","2":"type-product","3":"status-publish","4":"has-post-thumbnail","6":"product_cat-audi","7":"product_cat-eclairage-visibilite","8":"product_cat-fy","9":"product_cat-q5","10":"product_tag-audi","11":"product_tag-eclairage-visibilite","12":"product_tag-fy","13":"product_tag-q5","15":"first","16":"instock","17":"sold-individually","18":"taxable","19":"shipping-taxable","20":"purchasable","21":"product-type-simple"},"yoast_head":"<!-- This site is optimized with the Yoast SEO Premium plugin v27.2 (Yoast SEO v27.2) - https:\/\/yoast.com\/product\/yoast-seo-premium-wordpress\/ -->\n<title>Coques de r\u00e9troviseurs ext\u00e9rieurs  | 80A 857 527 (Z7G) - N&#039;Joy Shop<\/title>\n<meta name=\"robots\" content=\"index, follow, max-snippet:-1, max-image-preview:large, max-video-preview:-1\" \/>\n<link rel=\"canonical\" href=\"https:\/\/njoy-shop.com\/en\/produit\/coques-de-retroviseurs-exterieurs-80a-857-527-z7g\/\" \/>\n<meta property=\"og:locale\" content=\"en_US\" \/>\n<meta property=\"og:type\" content=\"article\" \/>\n<meta property=\"og:title\" content=\"Coques de r\u00e9troviseurs ext\u00e9rieurs  | 80A 857 527 (Z7G)\" \/>\n<meta property=\"og:description\" content=\"D\u00e9couvrez la solution parfaite pour un r\u00e9troviseur comme neuf : notre coque de qualit\u00e9 sup\u00e9rieure.\" \/>\n<meta property=\"og:url\" content=\"https:\/\/njoy-shop.com\/en\/produit\/coques-de-retroviseurs-exterieurs-80a-857-527-z7g\/\" \/>\n<meta property=\"og:site_name\" content=\"N&#039;Joy Shop\" \/>\n<meta property=\"article:modified_time\" content=\"2023-12-11T16:52:14+00:00\" \/>\n<meta property=\"og:image\" content=\"https:\/\/njoy-shop.com\/wp-content\/uploads\/2023\/09\/IMG_9613-scaled.jpg\" \/>\n\t<meta property=\"og:image:width\" content=\"2560\" \/>\n\t<meta property=\"og:image:height\" content=\"1707\" \/>\n\t<meta property=\"og:image:type\" content=\"image\/jpeg\" \/>\n<meta name=\"twitter:card\" content=\"summary_large_image\" \/>\n<meta name=\"twitter:label1\" content=\"Price\" \/>\n\t<meta name=\"twitter:data1\" content=\"&euro;64.23\" \/>\n\t<meta name=\"twitter:label2\" content=\"Availability\" \/>\n\t<meta name=\"twitter:data2\" content=\"In stock\" \/>\n<script type=\"application\/ld+json\" class=\"yoast-schema-graph\">{\"@context\":\"https:\/\/schema.org\",\"@graph\":[{\"@type\":\"WebPage\",\"@id\":\"https:\/\/njoy-shop.com\/en\/produit\/coques-de-retroviseurs-exterieurs-80a-857-527-z7g\/\",\"url\":\"https:\/\/njoy-shop.com\/en\/produit\/coques-de-retroviseurs-exterieurs-80a-857-527-z7g\/\",\"name\":\"Coques de r\u00e9troviseurs ext\u00e9rieurs | 80A 857 527 (Z7G) - N&#039;Joy Shop\",\"isPartOf\":{\"@id\":\"https:\/\/njoy-shop.com\/en\/#website\"},\"primaryImageOfPage\":{\"@id\":\"https:\/\/njoy-shop.com\/en\/produit\/coques-de-retroviseurs-exterieurs-80a-857-527-z7g\/#primaryimage\"},\"image\":{\"@id\":\"https:\/\/njoy-shop.com\/en\/produit\/coques-de-retroviseurs-exterieurs-80a-857-527-z7g\/#primaryimage\"},\"thumbnailUrl\":\"https:\/\/njoy-shop.com\/wp-content\/uploads\/2023\/09\/IMG_9613-scaled.jpg\",\"datePublished\":\"2023-12-11T16:52:04+00:00\",\"dateModified\":\"2023-12-11T16:52:14+00:00\",\"breadcrumb\":{\"@id\":\"https:\/\/njoy-shop.com\/en\/produit\/coques-de-retroviseurs-exterieurs-80a-857-527-z7g\/#breadcrumb\"},\"inLanguage\":\"en-US\",\"potentialAction\":[{\"@type\":\"ReadAction\",\"target\":[\"https:\/\/njoy-shop.com\/en\/produit\/coques-de-retroviseurs-exterieurs-80a-857-527-z7g\/\"]}]},{\"@type\":\"ImageObject\",\"inLanguage\":\"en-US\",\"@id\":\"https:\/\/njoy-shop.com\/en\/produit\/coques-de-retroviseurs-exterieurs-80a-857-527-z7g\/#primaryimage\",\"url\":\"https:\/\/njoy-shop.com\/wp-content\/uploads\/2023\/09\/IMG_9613-scaled.jpg\",\"contentUrl\":\"https:\/\/njoy-shop.com\/wp-content\/uploads\/2023\/09\/IMG_9613-scaled.jpg\",\"width\":2560,\"height\":1707},{\"@type\":\"BreadcrumbList\",\"@id\":\"https:\/\/njoy-shop.com\/en\/produit\/coques-de-retroviseurs-exterieurs-80a-857-527-z7g\/#breadcrumb\",\"itemListElement\":[{\"@type\":\"ListItem\",\"position\":1,\"name\":\"Accueil\",\"item\":\"https:\/\/njoy-shop.com\/en\/\"},{\"@type\":\"ListItem\",\"position\":2,\"name\":\"Boutique\",\"item\":\"https:\/\/njoy-shop.com\/?page_id=28874\"},{\"@type\":\"ListItem\",\"position\":3,\"name\":\"Coques de r\u00e9troviseurs ext\u00e9rieurs | 80A 857 527 (Z7G)\"}]},{\"@type\":\"WebSite\",\"@id\":\"https:\/\/njoy-shop.com\/en\/#website\",\"url\":\"https:\/\/njoy-shop.com\/en\/\",\"name\":\"N'Joy Shop\",\"description\":\"Vente en ligne d&#039;accessoires et \u00e9quipements automobiles\",\"publisher\":{\"@id\":\"https:\/\/njoy-shop.com\/en\/#organization\"},\"potentialAction\":[{\"@type\":\"SearchAction\",\"target\":{\"@type\":\"EntryPoint\",\"urlTemplate\":\"https:\/\/njoy-shop.com\/en\/?s={search_term_string}\"},\"query-input\":{\"@type\":\"PropertyValueSpecification\",\"valueRequired\":true,\"valueName\":\"search_term_string\"}}],\"inLanguage\":\"en-US\"},{\"@type\":\"Organization\",\"@id\":\"https:\/\/njoy-shop.com\/en\/#organization\",\"name\":\"N'Joy Shop\",\"url\":\"https:\/\/njoy-shop.com\/en\/\",\"logo\":{\"@type\":\"ImageObject\",\"inLanguage\":\"en-US\",\"@id\":\"https:\/\/njoy-shop.com\/en\/#\/schema\/logo\/image\/\",\"url\":\"https:\/\/njoy-shop.com\/wp-content\/uploads\/2025\/11\/Carte-de-visite-1.png\",\"contentUrl\":\"https:\/\/njoy-shop.com\/wp-content\/uploads\/2025\/11\/Carte-de-visite-1.png\",\"width\":2405,\"height\":1637,\"caption\":\"N'Joy Shop\"},\"image\":{\"@id\":\"https:\/\/njoy-shop.com\/en\/#\/schema\/logo\/image\/\"}}]}<\/script>\n<meta property=\"product:price:amount\" content=\"64.23\" \/>\n<meta property=\"product:price:currency\" content=\"EUR\" \/>\n<meta property=\"og:availability\" content=\"instock\" \/>\n<meta property=\"product:availability\" content=\"instock\" \/>\n<meta property=\"product:retailer_item_id\" content=\"80A857527 (Z7G)\" \/>\n<meta property=\"product:condition\" content=\"new\" \/>\n<!-- \/ Yoast SEO Premium plugin. -->","yoast_head_json":{"title":"Coques de r\u00e9troviseurs ext\u00e9rieurs  | 80A 857 527 (Z7G) - N&#039;Joy Shop","robots":{"index":"index","follow":"follow","max-snippet":"max-snippet:-1","max-image-preview":"max-image-preview:large","max-video-preview":"max-video-preview:-1"},"canonical":"https:\/\/njoy-shop.com\/en\/produit\/coques-de-retroviseurs-exterieurs-80a-857-527-z7g\/","og_locale":"en_US","og_type":"article","og_title":"Coques de r\u00e9troviseurs ext\u00e9rieurs  | 80A 857 527 (Z7G)","og_description":"D\u00e9couvrez la solution parfaite pour un r\u00e9troviseur comme neuf : notre coque de qualit\u00e9 sup\u00e9rieure.","og_url":"https:\/\/njoy-shop.com\/en\/produit\/coques-de-retroviseurs-exterieurs-80a-857-527-z7g\/","og_site_name":"N&#039;Joy Shop","article_modified_time":"2023-12-11T16:52:14+00:00","og_image":[{"width":2560,"height":1707,"url":"https:\/\/njoy-shop.com\/wp-content\/uploads\/2023\/09\/IMG_9613-scaled.jpg","type":"image\/jpeg"}],"twitter_card":"summary_large_image","twitter_misc":{"Price":"&euro;64.23","Availability":"In stock"},"schema":{"@context":"https:\/\/schema.org","@graph":[{"@type":"WebPage","@id":"https:\/\/njoy-shop.com\/en\/produit\/coques-de-retroviseurs-exterieurs-80a-857-527-z7g\/","url":"https:\/\/njoy-shop.com\/en\/produit\/coques-de-retroviseurs-exterieurs-80a-857-527-z7g\/","name":"Coques de r\u00e9troviseurs ext\u00e9rieurs | 80A 857 527 (Z7G) - N&#039;Joy Shop","isPartOf":{"@id":"https:\/\/njoy-shop.com\/en\/#website"},"primaryImageOfPage":{"@id":"https:\/\/njoy-shop.com\/en\/produit\/coques-de-retroviseurs-exterieurs-80a-857-527-z7g\/#primaryimage"},"image":{"@id":"https:\/\/njoy-shop.com\/en\/produit\/coques-de-retroviseurs-exterieurs-80a-857-527-z7g\/#primaryimage"},"thumbnailUrl":"https:\/\/njoy-shop.com\/wp-content\/uploads\/2023\/09\/IMG_9613-scaled.jpg","datePublished":"2023-12-11T16:52:04+00:00","dateModified":"2023-12-11T16:52:14+00:00","breadcrumb":{"@id":"https:\/\/njoy-shop.com\/en\/produit\/coques-de-retroviseurs-exterieurs-80a-857-527-z7g\/#breadcrumb"},"inLanguage":"en-US","potentialAction":[{"@type":"ReadAction","target":["https:\/\/njoy-shop.com\/en\/produit\/coques-de-retroviseurs-exterieurs-80a-857-527-z7g\/"]}]},{"@type":"ImageObject","inLanguage":"en-US","@id":"https:\/\/njoy-shop.com\/en\/produit\/coques-de-retroviseurs-exterieurs-80a-857-527-z7g\/#primaryimage","url":"https:\/\/njoy-shop.com\/wp-content\/uploads\/2023\/09\/IMG_9613-scaled.jpg","contentUrl":"https:\/\/njoy-shop.com\/wp-content\/uploads\/2023\/09\/IMG_9613-scaled.jpg","width":2560,"height":1707},{"@type":"BreadcrumbList","@id":"https:\/\/njoy-shop.com\/en\/produit\/coques-de-retroviseurs-exterieurs-80a-857-527-z7g\/#breadcrumb","itemListElement":[{"@type":"ListItem","position":1,"name":"Accueil","item":"https:\/\/njoy-shop.com\/en\/"},{"@type":"ListItem","position":2,"name":"Boutique","item":"https:\/\/njoy-shop.com\/?page_id=28874"},{"@type":"ListItem","position":3,"name":"Coques de r\u00e9troviseurs ext\u00e9rieurs | 80A 857 527 (Z7G)"}]},{"@type":"WebSite","@id":"https:\/\/njoy-shop.com\/en\/#website","url":"https:\/\/njoy-shop.com\/en\/","name":"N'Joy Shop","description":"Vente en ligne d&#039;accessoires et \u00e9quipements automobiles","publisher":{"@id":"https:\/\/njoy-shop.com\/en\/#organization"},"potentialAction":[{"@type":"SearchAction","target":{"@type":"EntryPoint","urlTemplate":"https:\/\/njoy-shop.com\/en\/?s={search_term_string}"},"query-input":{"@type":"PropertyValueSpecification","valueRequired":true,"valueName":"search_term_string"}}],"inLanguage":"en-US"},{"@type":"Organization","@id":"https:\/\/njoy-shop.com\/en\/#organization","name":"N'Joy Shop","url":"https:\/\/njoy-shop.com\/en\/","logo":{"@type":"ImageObject","inLanguage":"en-US","@id":"https:\/\/njoy-shop.com\/en\/#\/schema\/logo\/image\/","url":"https:\/\/njoy-shop.com\/wp-content\/uploads\/2025\/11\/Carte-de-visite-1.png","contentUrl":"https:\/\/njoy-shop.com\/wp-content\/uploads\/2025\/11\/Carte-de-visite-1.png","width":2405,"height":1637,"caption":"N'Joy Shop"},"image":{"@id":"https:\/\/njoy-shop.com\/en\/#\/schema\/logo\/image\/"}}]},"product_price_amount":"64.23","product_price_currency":"EUR","og_availability":"instock","product_availability":"instock","product_retailer_item_id":"80A857527 (Z7G)","product_condition":"new"},"_links":{"self":[{"href":"https:\/\/njoy-shop.com\/en\/wp-json\/wp\/v2\/product\/42986","targetHints":{"allow":["GET"]}}],"collection":[{"href":"https:\/\/njoy-shop.com\/en\/wp-json\/wp\/v2\/product"}],"about":[{"href":"https:\/\/njoy-shop.com\/en\/wp-json\/wp\/v2\/types\/product"}],"replies":[{"embeddable":true,"href":"https:\/\/njoy-shop.com\/en\/wp-json\/wp\/v2\/comments?post=42986"}],"wp:featuredmedia":[{"embeddable":true,"href":"https:\/\/njoy-shop.com\/en\/wp-json\/wp\/v2\/media\/32561"}],"wp:attachment":[{"href":"https:\/\/njoy-shop.com\/en\/wp-json\/wp\/v2\/media?parent=42986"}],"wp:term":[{"taxonomy":"product_brand","embeddable":true,"href":"https:\/\/njoy-shop.com\/en\/wp-json\/wp\/v2\/product_brand?post=42986"},{"taxonomy":"product_cat","embeddable":true,"href":"https:\/\/njoy-shop.com\/en\/wp-json\/wp\/v2\/product_cat?post=42986"},{"taxonomy":"product_tag","embeddable":true,"href":"https:\/\/njoy-shop.com\/en\/wp-json\/wp\/v2\/product_tag?post=42986"}],"curies":[{"name":"wp","href":"https:\/\/api.w.org\/{rel}","templated":true}]}}