{"id":39732,"date":"2023-09-12T09:20:53","date_gmt":"2023-09-12T07:20:53","guid":{"rendered":"https:\/\/njoy-shop.com\/sign-up\/"},"modified":"2023-09-12T09:20:53","modified_gmt":"2023-09-12T07:20:53","slug":"sign-up","status":"publish","type":"page","link":"https:\/\/njoy-shop.com\/en\/sign-up\/","title":{"rendered":"Sign up"},"content":{"rendered":"\n<div class=\"um um-register um-37568\">\n\t<div class=\"um-form\" data-mode=\"register\">\n\t\t<form method=\"post\" action=\"\">\n\t\t\t<div class=\"um-row _um_row_1 \" style=\"margin: 0 0 30px 0;\"><div class=\"um-col-1\"><div  id=\"um_field_37568_role_select\" class=\"um-field um-field-select  um-field-role_select um-field-select um-field-type_select\" data-key=\"role_select\"><div class=\"um-field-label\"><label for=\"role_select-37568\">Account role<span class=\"um-req\" title=\"Required\">*<\/span><\/label><div class=\"um-clear\"><\/div><\/div><div class=\"um-field-area  \"><select data-default=\"\"     name=\"role\" id=\"role\" data-validate=\"\" data-key=\"role_select\" class=\"um-form-field valid um-s1 \" style=\"width: 100%\" data-placeholder=\"Choose a role\"   aria-invalid=\"false\" ><option value=\"\"><\/option><option value=\"um_particulier\" >Particulier<\/option><option value=\"um_garage\" >Garage<\/option><\/select><\/div><\/div><div  id=\"um_field_37568_unique-number-company\" class=\"um-field um-field-text  um-is-conditional um-field-unique-number-company um-field-text um-field-type_text\" data-key=\"unique-number-company\" data-cond-0-action=\"show\" data-cond-0-field=\"role_select\" data-cond-0-operator=\"contains\" data-cond-0-value=\"um_garage\"><div class=\"um-field-label\"><div class=\"um-field-label-icon\"><i class=\"1\" aria-label=\"Num\u00e9ro unique d&#039;entreprise\"><\/i><\/div><label for=\"unique-number-company-37568\">Num\u00e9ro unique d&#039;entreprise<\/label><span class=\"um-tip um-tip-w\" title=\"Format Suisse : CHE-123.456.789 TVA \/ Format des pays de l&#039;U.E : code de deux lettres correspondant au pays + num\u00e9ro de TVA (exemple pour la France FRXX123456789)\"><i class=\"um-icon-help-circled\"><\/i><\/span><div class=\"um-clear\"><\/div><\/div><div class=\"um-field-area\"><input  autocomplete=\"off\" class=\"um-form-field valid not-required \" type=\"text\" name=\"unique-number-company-37568\" id=\"unique-number-company-37568\" value=\"\" placeholder=\"Num\u00e9ro de TVA\" data-validate=\"0\" data-key=\"unique-number-company\"  aria-invalid=\"false\" \/>\n\n\t\t\t\t\t\t<\/div><\/div><\/div><\/div><div class=\"um-row _um_row_2 \" style=\"margin: 0 0 30px 0;\"><div class=\"um-col-1\"><div  id=\"um_field_37568_user_login\" class=\"um-field um-field-text  um-field-user_login um-field-text um-field-type_text\" data-key=\"user_login\"><div class=\"um-field-label\"><label for=\"user_login-37568\">Username<span class=\"um-req\" title=\"Required\">*<\/span><\/label><div class=\"um-clear\"><\/div><\/div><div class=\"um-field-area\"><input  autocomplete=\"off\" class=\"um-form-field valid \" type=\"text\" name=\"user_login-37568\" id=\"user_login-37568\" value=\"\" placeholder=\"\" data-validate=\"unique_username\" data-key=\"user_login\"  aria-invalid=\"false\" \/>\n\n\t\t\t\t\t\t<\/div><\/div><div  id=\"um_field_37568_first_name\" class=\"um-field um-field-text  um-field-first_name um-field-text um-field-type_text\" data-key=\"first_name\"><div class=\"um-field-label\"><label for=\"first_name-37568\">First Name<\/label><div class=\"um-clear\"><\/div><\/div><div class=\"um-field-area\"><input  autocomplete=\"off\" class=\"um-form-field valid \" type=\"text\" name=\"first_name-37568\" id=\"first_name-37568\" value=\"\" placeholder=\"\" data-validate=\"\" data-key=\"first_name\"  aria-invalid=\"false\" \/>\n\n\t\t\t\t\t\t<\/div><\/div><div  id=\"um_field_37568_last_name\" class=\"um-field um-field-text  um-field-last_name um-field-text um-field-type_text\" data-key=\"last_name\"><div class=\"um-field-label\"><label for=\"last_name-37568\">Last Name<\/label><div class=\"um-clear\"><\/div><\/div><div class=\"um-field-area\"><input  autocomplete=\"off\" class=\"um-form-field valid \" type=\"text\" name=\"last_name-37568\" id=\"last_name-37568\" value=\"\" placeholder=\"\" data-validate=\"\" data-key=\"last_name\"  aria-invalid=\"false\" \/>\n\n\t\t\t\t\t\t<\/div><\/div><div  id=\"um_field_37568_user_email\" class=\"um-field um-field-text  um-field-user_email um-field-text um-field-type_text\" data-key=\"user_email\"><div class=\"um-field-label\"><label for=\"user_email-37568\">E-mail Address<\/label><div class=\"um-clear\"><\/div><\/div><div class=\"um-field-area\"><input  autocomplete=\"off\" class=\"um-form-field valid not-required \" type=\"text\" name=\"user_email-37568\" id=\"user_email-37568\" value=\"\" placeholder=\"\" data-validate=\"custom\" data-key=\"user_email\"  aria-invalid=\"false\" \/>\n\n\t\t\t\t\t\t<\/div><\/div><div  id=\"um_field_37568_user_password\" class=\"um-field um-field-password  um-field-user_password um-field-password um-field-type_password\" data-key=\"user_password\"><div class=\"um-field-label\"><label for=\"user_password-37568\">Password<span class=\"um-req\" title=\"Required\">*<\/span><\/label><div class=\"um-clear\"><\/div><\/div><div class=\"um-field-area\"><input class=\"um-form-field valid \" type=\"password\" name=\"user_password-37568\" id=\"user_password-37568\" value=\"\" placeholder=\"\" data-validate=\"\" data-key=\"user_password\"  aria-invalid=\"false\" \/>\n\n\t\t\t\t\t\t\t<\/div><\/div><div  id=\"um_field_37568_confirm_user_password\" class=\"um-field um-field-password  um-field-user_password um-field-password um-field-type_password\" data-key=\"confirm_user_password\"><div class=\"um-field-label\"><label for=\"confirm_user_password-37568\">Confirm Password<span class=\"um-req\" title=\"Required\">*<\/span><\/label><div class=\"um-clear\"><\/div><\/div><div class=\"um-field-area\"><input class=\"um-form-field valid \" type=\"password\" name=\"confirm_user_password-37568\" id=\"confirm_user_password-37568\" value=\"\" placeholder=\"Confirm Password\" data-validate=\"\" data-key=\"confirm_user_password\"  aria-invalid=\"false\" \/><\/div><\/div><\/div><\/div>\n<!-- This file should primarily consist of HTML with a little bit of PHP. -->\n<div class=\"um-field um-field-type_terms_conditions\" data-key=\"use_terms_conditions_agreement\" style=\"display:block;padding:0;\">\n\t<div class=\"um-field-area\">\n\t\t<div class=\"um-gdpr-content\" style=\"display:none;\">\n\t\t\t<p>[et_pb_section fb_built=&#8221;1&#8243; _builder_version=&#8221;4.21.2&#8243; _module_preset=&#8221;default&#8221; background_color=&#8221;gcid-6394b0eb-cfa2-4eb6-a9dd-8747b3f7efa2&#8243; global_colors_info=&#8221;{%22gcid-6394b0eb-cfa2-4eb6-a9dd-8747b3f7efa2%22:%91%22background_color%22%93}&#8221;][et_pb_row _builder_version=&#8221;4.21.2&#8243; _module_preset=&#8221;default&#8221; custom_margin=&#8221;2%||||false|false&#8221; global_colors_info=&#8221;{}&#8221;][et_pb_column type=&#8221;4_4&#8243; _builder_version=&#8221;4.21.2&#8243; _module_preset=&#8221;default&#8221; global_colors_info=&#8221;{}&#8221;][\/et_pb_column][\/et_pb_row][\/et_pb_section][et_pb_section fb_built=&#8221;1&#8243; _builder_version=&#8221;4.21.2&#8243; _module_preset=&#8221;default&#8221; global_colors_info=&#8221;{}&#8221;][et_pb_row _builder_version=&#8221;4.21.2&#8243; _module_preset=&#8221;default&#8221; global_colors_info=&#8221;{}&#8221;][et_pb_column type=&#8221;4_4&#8243; _builder_version=&#8221;4.21.2&#8243; _module_preset=&#8221;default&#8221; global_colors_info=&#8221;{}&#8221;][et_pb_text _builder_version=&#8221;4.21.2&#8243; _module_preset=&#8221;default&#8221; header_font=&#8221;Airstrike||||||||&#8221; header_text_color=&#8221;#000000&#8243; header_2_font=&#8221;Noto Sans Medium||||||||&#8221; header_2_text_color=&#8221;#000000&#8243; header_2_font_size=&#8221;22px&#8221; hover_enabled=&#8221;0&#8243; global_colors_info=&#8221;{}&#8221; sticky_enabled=&#8221;0&#8243;]<\/p>\n<h1>NOTICE DE CONFIDENTIALIT\u00c9<\/h1>\n<p>Nous vous remercions de visiter notre Site web, nos applications et nos pages sur les r\u00e9seaux sociaux (\u201d Sites \u201c).<br \/>La pr\u00e9sente Notice de Confidentialit\u00e9 explique le type de donn\u00e9es personnelles que nous recueillons sur nos Sites, dans des campagnes publicitaires ou lors d\u2019\u00e9v\u00e9nements en lien avec N\u2019JOY. Elle d\u00e9crit aussi la fa\u00e7on dont nous utilisons, divulguons et prot\u00e9geons ces informations.<\/p>\n<h2>1.PORT\u00c9E DE LA NOTICE DE CONFIDENTIALIT\u00c9 ET DE VOTRE CONSENTEMENT<\/h2>\n<p>En naviguant sur nos Sites ou en nous donnant vos donn\u00e9es personnelles, vous acceptez les r\u00e8gles d\u00e9crites dans cette Notice de Confidentialit\u00e9. Si vous n\u2019acceptez pas ces r\u00e8gles, veuillez ne pas utiliser ou visiter nos Sites, ni nous fournir vos donn\u00e9es personnelles.<br \/>N\u2019JOY se r\u00e9serve le droit d\u2019apporter des modifications \u00e0 cette Notice de Confidentialit\u00e9, qui seront effectives d\u00e8s leur publication sur ce site. Nous vous informerons des modifications essentielles, mais veuillez-vous assurer de la relire r\u00e9guli\u00e8rement.<\/p>\n<h2>2.LES DONN\u00c9ES PERSONNELLES RECUEILLIES PAR N\u2019JOY<\/h2>\n<p>Nous ne recueillons que les donn\u00e9es personnelles que vous \u00eates pr\u00eat \u00e0 nous communiquer, qui r\u00e9sultent de vos actions sur nos Sites et dont nous avons besoin pour vous offrir ou am\u00e9liorer nos services, ou pour une autre raison l\u00e9gitime.<\/p>\n<ul>\n<li>Vos coordonn\u00e9es personnelles, telles que nom, pr\u00e9nom, genre, adresse de livraison, adresse \u00e9lectronique et num\u00e9ro de t\u00e9l\u00e9phone.<\/li>\n<li>Vos coordonn\u00e9es professionnelles, telles que le nom de votre entreprise, num\u00e9ro d\u2019entreprise (num\u00e9ro SIRET), nom et pr\u00e9nom de personne de contact, num\u00e9ro de t\u00e9l\u00e9phone, adresse de livraison et adresse \u00e9lectronique,<\/li>\n<li>Informations relatives \u00e0 l\u2019ouverture d\u2019un compte (notamment identifiants personnels et date d\u2019ouverture) et vos communications avec nous ;<\/li>\n<li>Informations de paiement, cartes de cr\u00e9dit et adresse de facturation ;<\/li>\n<li>Vos pr\u00e9f\u00e9rences d\u2019achat, achats et panier d\u2019achat ;<\/li>\n<li>Vos commentaires et le contenu que vous g\u00e9n\u00e9rez, y compris les photos, vid\u00e9os et histoires personnelles que vous partagez avec nous ;<\/li>\n<li>Vos profils sur les r\u00e9seaux sociaux (notamment Facebook, Instagram et Linkedin) ;<\/li>\n<li>Vos pr\u00e9f\u00e9rences par rapport \u00e0 nos produits et services.<\/li>\n<\/ul>\n<p>Nous utilisons \u00e9galement des cookies et d\u2019autres technologies de suivi qui collectent certains types d\u2019informations lorsque vous interagissez avec nos Sites ou ouvrez nos e-mails, tels que les adresses IP, les appareils ou les pr\u00e9f\u00e9rences de navigation. Pour de plus amples renseignements, veuillez consulter notre Notice sur les Cookies.<br \/>Nous pouvons recueillir des donn\u00e9es personnelles provenant notamment d\u2019agr\u00e9gateurs de donn\u00e9es de tiers (par ex. Google), partenaires promotionnels, sources publiques et plateformes de r\u00e9seaux sociaux. Ces informations peuvent inclure des donn\u00e9es personnelles de votre profil sur un r\u00e9seau social et dont vous autorisez ce r\u00e9seau \u00e0 nous communiquer conform\u00e9ment \u00e0 leurs r\u00e8gles.<\/p>\n<h2>3.POURQUOI RECUEILLONS-NOUS DES DONN\u00c9ES PERSONNELLES ET LES UTILISONS-NOUS ?<\/h2>\n<p>Nous pouvons collecter et utiliser vos donn\u00e9es personnelles \u00e0 diverses fins, notamment pour:<\/p>\n<ul>\n<li>Proc\u00e9der et livrer vos commandes de produits et services ;<\/li>\n<li>Cr\u00e9er et acc\u00e9der \u00e0 votre compte client ainsi qu&#8217;\u00e0 votre historique d\u2019achat ;<\/li>\n<li>Interagir avec vous afin de r\u00e9pondre \u00e0 vos questions, fournir nos services et vous proposer des offres ;<\/li>\n<li>Vous contacter \u00e0 des fins de marketing avec votre consentement notamment sur la base de vos achats ou sur la base de notre int\u00e9r\u00eat l\u00e9gitime (envoi d\u2019e-mails promotionnels notamment sur nos produits et services tels que des newsletters ainsi que vous inviter \u00e0 des \u00e9v\u00e9nements) ;<\/li>\n<li>Combiner vos donn\u00e9es avec des informations en provenance de tiers afin de comprendre vos besoins et vous offrir un meilleur service (par ex. personnalisation de sites, publicit\u00e9s cibl\u00e9es sur vos int\u00e9r\u00eats) ;<\/li>\n<li>Pour des raisons de s\u00e9curit\u00e9 et de maintenance, d\u2019\u00e9valuation, de gestion des risques, conflits et archivage.<\/li>\n<\/ul>\n<h2>4.AVEC QUI PARTAGEONS-NOUS VOS DONN\u00c9ES PERSONNELLES ?<\/h2>\n<p>Il est possible que nous divulguons vos donn\u00e9es personnelles \u00e0 des prestataires de services, des partenaires commerciaux ou logistiques ainsi qu\u2019\u00e0 des autorit\u00e9s lorsque ceci est requis par la loi ou en cas de d\u00e9cision judiciaire. Nous travaillons notamment avec les prestataires suivants:<br \/>&#8211; Infomaniak: h\u00e9bergeur de donn\u00e9es<br \/>&#8211; Ebooster: agence marketing<br \/>&#8211; Worldline : plateforme de paiement<br \/>&#8211; La Poste : transporteur<br \/>&#8211; DHL : transporteur<\/p>\n<p>Nous exigeons de ces tiers, qui peuvent \u00eatre bas\u00e9s en dehors du pays \u00e0 partir duquel vous avez acc\u00e9d\u00e9 aux Sites, qu\u2019ils se conforment \u00e0 toutes les lois pertinentes de protection des donn\u00e9es et aux exigences de s\u00e9curit\u00e9 relatives \u00e0 vos donn\u00e9es personnelles, g\u00e9n\u00e9ralement par voie contractuelle.<\/p>\n<h2>5.COMMENT VOS DONN\u00c9ES SONT-ELLES STOCK\u00c9ES, S\u00c9CURIS\u00c9ES ET CONSERV\u00c9ES<\/h2>\n<p>Nous prenons toutes les mesures techniques et organisationnelles raisonnables pour prot\u00e9ger les donn\u00e9es personnelles que nous d\u00e9tenons contre la perte, l\u2019acc\u00e8s non autoris\u00e9 ou la divulgation et contre toute autre utilisation abusive. Vos donn\u00e9es personnelles ne seront pas transmises \u00e0 des tiers, sauf dans les cas pr\u00e9vus dans la Notice de confidentialit\u00e9.<br \/>Lorsque les donn\u00e9es personnelles que nous collectons ne sont plus n\u00e9cessaires pour le but donn\u00e9, ni pour aucune raison l\u00e9gale, nous les d\u00e9truisons ou les anonymisons et ce, de mani\u00e8re s\u00e9curis\u00e9e.<\/p>\n<h2>6.VOS DROITS<\/h2>\n<h3>6.1. COMMENT ACC\u00c9DER \u00c0 VOS DONN\u00c9ES PERSONNELLES ET DEMANDER LEUR RECTIFICATION<\/h3>\n<p>Vous pouvez demander l\u2019acc\u00e8s aux donn\u00e9es personnelles que nous d\u00e9tenons \u00e0 votre sujet en nous contactant \u00e0 info@njoygeniuscar.com. Vous avez le droit de nous informer si vous souhaitez retirer votre consentement, corriger, mettre \u00e0 jour ou supprimer vos donn\u00e9es personnelles dans nos fichiers. Pour nous aider \u00e0 traiter votre demande, veuillez nous fournir votre nom et vos coordonn\u00e9es.<br \/>Vous pouvez \u00e0 tout moment vous d\u00e9sabonner pour ne plus recevoir de communications marketing en cliquant sur l\u2019option \u201cse d\u00e9sabonner \u201d ou en nous faisant part de votre demande \u00e0 l\u2019adresse suivante : info@njoygeniuscar.com. Vous pouvez \u00e9galement limiter l\u2019utilisation des technologies de suivi (tels les cookies dont vous pouvez configurer votre navigateur pour qu\u2019il vous avertisse avant de les accepter, ou vous pouvez simplement le configurer pour les refuser).<br \/>Si vous n&#8217;\u00eates pas satisfait de l&#8217;utilisation que nous faisons de vos donn\u00e9es personnelles ou avez des questions veuillez nous en informer en nous contactant \u00e0 l\u2019adresse suivante : info@njoygeniuscar.com.<br \/>Vous \u00eates en droit de d\u00e9poser une plainte aupr\u00e8s de l\u2019autorit\u00e9 de protection des donn\u00e9es comp\u00e9tente en tout temps.<\/p>\n<h3>6.2. COMMENT NOUS CONTACTER<\/h3>\n<p>N\u2019JOY Shop &amp; Genius Car, Internicola Christian (Entreprise Individuelle), agit en tant que \u201cresponsable du traitement\u201d pour les donn\u00e9es personnelles qu\u2019il traite dans le cadre de la pr\u00e9sente Notice de Confidentialit\u00e9. Veuillez nous contacter pour toute question par e-mail \u00e0 info@njoygeniuscar.com ou par courrier \u00e0 : Njoy-Shop, route de Tr\u00e9lex 10, 1266 Duillier.<br \/>N\u2019JOY Oct. 2023<\/p>\n<p>[\/et_pb_text][\/et_pb_column][\/et_pb_row][\/et_pb_section]<\/p>\n\t\t<\/div>\n\t\t<a href=\"javascript:void(0);\" class=\"um-toggle-gdpr\" data-toggle-state=\"hidden\"\n\t\t\tdata-toggle-show=\"Afficher la politique de confidentialit\u00e9\"\n\t\t\tdata-toggle-hide=\"Masquer la politique de confidentialit\u00e9\">\n\t\t\tAfficher la politique de confidentialit\u00e9\t\t<\/a>\n\t<\/div>\n\t<div class=\"um-field-area\">\n\t\t<label class=\"um-field-checkbox\">\n\t\t\t<input type=\"checkbox\" name=\"use_gdpr_agreement\" value=\"1\">\n\t\t\t<span class=\"um-field-checkbox-state\"><i class=\"um-icon-android-checkbox-outline-blank\"><\/i><\/span>\n\t\t\t<span class=\"um-field-checkbox-option\">Je comprends que mes donn\u00e9es seront trait\u00e9es selon la Notice de Confidentialit\u00e9<\/span>\n\t\t<\/label>\n\t\t<div class=\"um-clear\"><\/div>\n\t\t\t\t<div class=\"um-clear\"><\/div>\n\t<\/div>\n<\/div>\n\t<input type=\"hidden\" name=\"form_id\" id=\"form_id_37568\" value=\"37568\" \/>\n\t\t<p class=\"um_request_name\">\n\t\t<label for=\"um_request_37568\">Only fill in if you are not human<\/label>\n\t\t<input type=\"hidden\" name=\"um_request\" id=\"um_request_37568\" class=\"input\" value=\"\" size=\"25\" autocomplete=\"off\" \/>\n\t<\/p>\n\t<input type=\"hidden\" id=\"_wpnonce\" name=\"_wpnonce\" value=\"92f1a46c14\" \/><input type=\"hidden\" name=\"_wp_http_referer\" value=\"\/en\/wp-json\/wp\/v2\/pages\/39732\" \/>\n\t<div class=\"um-col-alt\">\n\n\t\t\n\t\t\t<div class=\"um-left um-half\">\n\t\t\t\t<input type=\"submit\" value=\"Register\" class=\"um-button\" id=\"um-submit-btn\" \/>\n\t\t\t<\/div>\n\t\t\t<div class=\"um-right um-half\">\n\t\t\t\t<a href=\"https:\/\/njoy-shop.com\/en\/connection\/\" class=\"um-button um-alt\">\n\t\t\t\t\tLog in\t\t\t\t<\/a>\n\t\t\t<\/div>\n\n\t\t\n\t\t<div class=\"um-clear\"><\/div>\n\n\t<\/div>\n\n\t\t\t<\/form>\n\t<\/div>\n<\/div>\n<style>\n\t\t\t.um-37568.um {\n\t\t\tmax-width: 450px;\n\t\t}\n\t\t<\/style>\n\n","protected":false},"excerpt":{"rendered":"","protected":false},"author":2,"featured_media":0,"parent":0,"menu_order":0,"comment_status":"closed","ping_status":"closed","template":"","meta":{"_et_pb_use_builder":"","_et_pb_old_content":"","_et_gb_content_width":"","footnotes":""},"class_list":["post-39732","page","type-page","status-publish","hentry"],"yoast_head":"<!-- This site is optimized with the Yoast SEO Premium plugin v27.2 (Yoast SEO v27.2) - https:\/\/yoast.com\/product\/yoast-seo-premium-wordpress\/ -->\n<title>Sign up - N&#039;Joy Shop<\/title>\n<meta name=\"robots\" content=\"index, follow, max-snippet:-1, max-image-preview:large, max-video-preview:-1\" \/>\n<link rel=\"canonical\" href=\"https:\/\/njoy-shop.com\/en\/sign-up\/\" \/>\n<meta property=\"og:locale\" content=\"en_US\" \/>\n<meta property=\"og:type\" content=\"article\" \/>\n<meta property=\"og:title\" content=\"Sign up\" \/>\n<meta property=\"og:url\" content=\"https:\/\/njoy-shop.com\/en\/sign-up\/\" \/>\n<meta property=\"og:site_name\" content=\"N&#039;Joy Shop\" \/>\n<meta name=\"twitter:card\" content=\"summary_large_image\" \/>\n<script type=\"application\/ld+json\" class=\"yoast-schema-graph\">{\"@context\":\"https:\/\/schema.org\",\"@graph\":[{\"@type\":\"WebPage\",\"@id\":\"https:\/\/njoy-shop.com\/en\/sign-up\/\",\"url\":\"https:\/\/njoy-shop.com\/en\/sign-up\/\",\"name\":\"Sign up - N&#039;Joy Shop\",\"isPartOf\":{\"@id\":\"https:\/\/njoy-shop.com\/en\/#website\"},\"datePublished\":\"2023-09-12T07:20:53+00:00\",\"breadcrumb\":{\"@id\":\"https:\/\/njoy-shop.com\/en\/sign-up\/#breadcrumb\"},\"inLanguage\":\"en-US\",\"potentialAction\":[{\"@type\":\"ReadAction\",\"target\":[\"https:\/\/njoy-shop.com\/en\/sign-up\/\"]}]},{\"@type\":\"BreadcrumbList\",\"@id\":\"https:\/\/njoy-shop.com\/en\/sign-up\/#breadcrumb\",\"itemListElement\":[{\"@type\":\"ListItem\",\"position\":1,\"name\":\"Accueil\",\"item\":\"https:\/\/njoy-shop.com\/en\/\"},{\"@type\":\"ListItem\",\"position\":2,\"name\":\"Sign up\"}]},{\"@type\":\"WebSite\",\"@id\":\"https:\/\/njoy-shop.com\/en\/#website\",\"url\":\"https:\/\/njoy-shop.com\/en\/\",\"name\":\"N'Joy Shop\",\"description\":\"Vente en ligne d&#039;accessoires et \u00e9quipements automobiles\",\"publisher\":{\"@id\":\"https:\/\/njoy-shop.com\/en\/#organization\"},\"potentialAction\":[{\"@type\":\"SearchAction\",\"target\":{\"@type\":\"EntryPoint\",\"urlTemplate\":\"https:\/\/njoy-shop.com\/en\/?s={search_term_string}\"},\"query-input\":{\"@type\":\"PropertyValueSpecification\",\"valueRequired\":true,\"valueName\":\"search_term_string\"}}],\"inLanguage\":\"en-US\"},{\"@type\":\"Organization\",\"@id\":\"https:\/\/njoy-shop.com\/en\/#organization\",\"name\":\"N'Joy Shop\",\"url\":\"https:\/\/njoy-shop.com\/en\/\",\"logo\":{\"@type\":\"ImageObject\",\"inLanguage\":\"en-US\",\"@id\":\"https:\/\/njoy-shop.com\/en\/#\/schema\/logo\/image\/\",\"url\":\"https:\/\/njoy-shop.com\/wp-content\/uploads\/2025\/11\/Carte-de-visite-1.png\",\"contentUrl\":\"https:\/\/njoy-shop.com\/wp-content\/uploads\/2025\/11\/Carte-de-visite-1.png\",\"width\":2405,\"height\":1637,\"caption\":\"N'Joy Shop\"},\"image\":{\"@id\":\"https:\/\/njoy-shop.com\/en\/#\/schema\/logo\/image\/\"}}]}<\/script>\n<!-- \/ Yoast SEO Premium plugin. -->","yoast_head_json":{"title":"Sign up - N&#039;Joy Shop","robots":{"index":"index","follow":"follow","max-snippet":"max-snippet:-1","max-image-preview":"max-image-preview:large","max-video-preview":"max-video-preview:-1"},"canonical":"https:\/\/njoy-shop.com\/en\/sign-up\/","og_locale":"en_US","og_type":"article","og_title":"Sign up","og_url":"https:\/\/njoy-shop.com\/en\/sign-up\/","og_site_name":"N&#039;Joy Shop","twitter_card":"summary_large_image","schema":{"@context":"https:\/\/schema.org","@graph":[{"@type":"WebPage","@id":"https:\/\/njoy-shop.com\/en\/sign-up\/","url":"https:\/\/njoy-shop.com\/en\/sign-up\/","name":"Sign up - N&#039;Joy Shop","isPartOf":{"@id":"https:\/\/njoy-shop.com\/en\/#website"},"datePublished":"2023-09-12T07:20:53+00:00","breadcrumb":{"@id":"https:\/\/njoy-shop.com\/en\/sign-up\/#breadcrumb"},"inLanguage":"en-US","potentialAction":[{"@type":"ReadAction","target":["https:\/\/njoy-shop.com\/en\/sign-up\/"]}]},{"@type":"BreadcrumbList","@id":"https:\/\/njoy-shop.com\/en\/sign-up\/#breadcrumb","itemListElement":[{"@type":"ListItem","position":1,"name":"Accueil","item":"https:\/\/njoy-shop.com\/en\/"},{"@type":"ListItem","position":2,"name":"Sign up"}]},{"@type":"WebSite","@id":"https:\/\/njoy-shop.com\/en\/#website","url":"https:\/\/njoy-shop.com\/en\/","name":"N'Joy Shop","description":"Vente en ligne d&#039;accessoires et \u00e9quipements automobiles","publisher":{"@id":"https:\/\/njoy-shop.com\/en\/#organization"},"potentialAction":[{"@type":"SearchAction","target":{"@type":"EntryPoint","urlTemplate":"https:\/\/njoy-shop.com\/en\/?s={search_term_string}"},"query-input":{"@type":"PropertyValueSpecification","valueRequired":true,"valueName":"search_term_string"}}],"inLanguage":"en-US"},{"@type":"Organization","@id":"https:\/\/njoy-shop.com\/en\/#organization","name":"N'Joy Shop","url":"https:\/\/njoy-shop.com\/en\/","logo":{"@type":"ImageObject","inLanguage":"en-US","@id":"https:\/\/njoy-shop.com\/en\/#\/schema\/logo\/image\/","url":"https:\/\/njoy-shop.com\/wp-content\/uploads\/2025\/11\/Carte-de-visite-1.png","contentUrl":"https:\/\/njoy-shop.com\/wp-content\/uploads\/2025\/11\/Carte-de-visite-1.png","width":2405,"height":1637,"caption":"N'Joy Shop"},"image":{"@id":"https:\/\/njoy-shop.com\/en\/#\/schema\/logo\/image\/"}}]}},"_links":{"self":[{"href":"https:\/\/njoy-shop.com\/en\/wp-json\/wp\/v2\/pages\/39732","targetHints":{"allow":["GET"]}}],"collection":[{"href":"https:\/\/njoy-shop.com\/en\/wp-json\/wp\/v2\/pages"}],"about":[{"href":"https:\/\/njoy-shop.com\/en\/wp-json\/wp\/v2\/types\/page"}],"author":[{"embeddable":true,"href":"https:\/\/njoy-shop.com\/en\/wp-json\/wp\/v2\/users\/2"}],"replies":[{"embeddable":true,"href":"https:\/\/njoy-shop.com\/en\/wp-json\/wp\/v2\/comments?post=39732"}],"version-history":[{"count":0,"href":"https:\/\/njoy-shop.com\/en\/wp-json\/wp\/v2\/pages\/39732\/revisions"}],"wp:attachment":[{"href":"https:\/\/njoy-shop.com\/en\/wp-json\/wp\/v2\/media?parent=39732"}],"curies":[{"name":"wp","href":"https:\/\/api.w.org\/{rel}","templated":true}]}}